{"id":3444,"date":"2017-01-13T20:11:56","date_gmt":"2017-01-13T20:11:56","guid":{"rendered":"https:\/\/www.dejusticia.org\/?page_id=3444"},"modified":"2018-01-26T15:40:46","modified_gmt":"2018-01-26T20:40:46","slug":"rule-of-law","status":"publish","type":"page","link":"https:\/\/develop.dejusticia.org\/en\/issues\/rule-of-law\/","title":{"rendered":"Rule of Law"},"content":{"rendered":"<h2>\n\t\tRule of Law<br \/>\n\t<\/h2>\n<h2>\n\t\tThe legality of power, embodied in the expression &#8220;Rule of Law&#8221;, is a fundamental concern for Dejusticia<br \/>\n\t<\/h2>\n<h4 >\tStrengthening Institutions &#038; Independent Judicial Systems<br \/>\n    <\/h4>\n<h3><\/h3>\n<p>We research how citizens interact with the law, and we contribute to develop a judicial culture of legality and democracy that strengthens institutions and respects human rights. We focus our research on improving norm compliance and on socio-legal education.<\/p>\n<h3 >\t<\/br>Freedom of Expression<br \/>\n    <\/h3>\n<h3><\/h3>\n<p>We conduct research on national and international standards on freedom of expression, with a special focus on Latin America.<\/p>\n<h4 >\tPrivacy &#038; Access to Information<br \/>\n    <\/h4>\n<h3><\/h3>\n<p>We promote a stronger protection\u00a0of the rights to access public information, privacy and personal data in the context of new technologies.<\/p>\n<p>At the international level, we collaborate with the Privacy International Network in order to protect and guarantee privacy in the digital era. A the\u00a0national level we are part of\u00a0the alliance <em><a href=\"http:\/\/masinformacionmasderechos.co\/\">More Information, More Rights<\/a><\/em>, which promotes access to public information.\u00a0<\/p>\n<h2>\n\t\tResearch &#038; Publications<br \/>\n\t<\/h2>\n<h3>\n                <a href=\"https:\/\/develop.dejusticia.org\/en\/\/en\/publication\/on-corruption-in-colombia-conceptual-framework-diagnosis-and-policy-proposals\/\" title=\"On corruption in Colombia: conceptual framework, diagnosis and policy proposals\" tabindex=\"0\">On corruption in Colombia: conceptual framework, diagnosis and policy proposals<\/a><br \/>\n            <\/h3>\n<h5>\n                        By <a href=\"https:\/\/develop.dejusticia.org\/en\/\/en\/responsible\/vivian-newman-pont-2\/\">Vivian Newman Pont<\/a>, <a href=\"https:\/\/develop.dejusticia.org\/en\/\/en\/responsible\/maria-paula-angel-2\/\">Maria Paula \u00c1ngel<\/a><br \/>\n                         |             Aug 17, 2017<br \/>\n                        <\/h5>\n<p>                    According to the Corruption Perceptions Index by Transparency International for 2016, Colombia obtained a rating of 37\/100. How to characterize the phenomenon of corruption in Colombia and what academic and public policy strategies can be adopted to counteract it?<\/p>\n<h3>\n                <a href=\"https:\/\/develop.dejusticia.org\/en\/\/en\/publication\/the-right-to-freedom-of-expression-advanced-course-for-judges-and-legal-practitioners-in-the-americas\/\" title=\"The right to freedom of expression: advanced course for judges and legal practitioners in the Americas\" tabindex=\"0\">The right to freedom of expression: advanced course for judges and legal practitioners in the Americas<\/a><br \/>\n            <\/h3>\n<h5>\n                        By <a href=\"https:\/\/develop.dejusticia.org\/en\/\/en\/responsible\/catalina-botero-marino-2\/\">Catalina Botero Marino<\/a>, <a href=\"https:\/\/develop.dejusticia.org\/en\/\/en\/responsible\/sofia-jaramillo-otoya-2\/\">Sof\u00eda Jaramillo Otoya<\/a><br \/>\n                         |             Jul 18, 2017<br \/>\n                        <\/h5>\n<p>                    This guide covers the main current legal rules under the inter-American order on freedom of expression.<\/p>\n<h3>\n                <a href=\"https:\/\/develop.dejusticia.org\/en\/\/en\/publication\/access-to-intelligence-and-counterintelligence-archives-in-the-framework-of-the-post-agreement\/\" title=\"Access to intelligence and counterintelligence archives in the framework of the post-agreement\" tabindex=\"0\">Access to intelligence and counterintelligence archives in the framework of the post-agreement<\/a><br \/>\n            <\/h3>\n<h5>\n                        By <a href=\"https:\/\/develop.dejusticia.org\/en\/\/en\/responsible\/ana-maria-ramirez-2\/\">Ana Mar\u00eda Ram\u00edrez<\/a>, <a href=\"https:\/\/develop.dejusticia.org\/en\/\/en\/responsible\/maria-paula-angel-2\/\">Maria Paula \u00c1ngel<\/a>, <a href=\"https:\/\/develop.dejusticia.org\/en\/\/en\/responsible\/mauricio-albarracin-2\/\">Mauricio Albarrac\u00edn<\/a>, <a href=\"https:\/\/develop.dejusticia.org\/en\/\/en\/responsible\/rodrigo-uprimny-yepes-2\/\">Rodrigo Uprimny Yepes<\/a>, <a href=\"https:\/\/develop.dejusticia.org\/en\/\/en\/responsible\/vivian-newman-pont-2\/\">Vivian Newman Pont<\/a><br \/>\n                         |             Mar 16, 2017<br \/>\n                        <\/h5>\n<p>                    In this text, we offer options so that transitional justice mechanisms and society at large can have access to intelligence and counterintelligence archives, which relate to the armed conflict in Colombia.<\/p>\n<h2>\n\t\tLitigation<br \/>\n\t<\/h2>\n<h3>\n                <a href=\"https:\/\/develop.dejusticia.org\/en\/\/en\/litigation\/the-national-government-geographically-isolated-choco\/\" title=\"The national government geographically isolated Choc\u00f3\" tabindex=\"0\">The national government geographically isolated Choc\u00f3<\/a><br \/>\n            <\/h3>\n<h5>\n                        By <a href=\"https:\/\/develop.dejusticia.org\/en\/\/en\/responsible\/nelson-camilo-sanchez-leon-2\/\">Nelson Camilo S\u00e1nchez Le\u00f3n<\/a><br \/>\n                         |             Aug 11, 2017<br \/>\n                        <\/h5>\n<p>                    We intervened to support a tutela that requires the government to pave the<br \/>\nQuibd\u00f3-Medell\u00edn and Quibd\u00f3-Pereira roads: a promise that has historically been unfulfilled.<\/p>\n<h3>\n                <a href=\"https:\/\/develop.dejusticia.org\/en\/\/en\/litigation\/prison-is-not-the-only-sanction-in-transitional-justice-mechanisms\/\" title=\"Prison is not the only sanction in transitional justice mechanisms\" tabindex=\"0\">Prison is not the only sanction in transitional justice mechanisms<\/a><br \/>\n            <\/h3>\n<h5>\n                        By <a href=\"https:\/\/develop.dejusticia.org\/en\/\/en\/responsible\/cesar-rodriguez-garavito-2\/\">C\u00e9sar Rodr\u00edguez Garavito<\/a><br \/>\n                         |             Jul 26, 2017<br \/>\n                        <\/h5>\n<p>                    C\u00e9sar Rodr\u00edguez defended that the Comprehensive System of Truth, Justice, Reparation and Guarantees of Non-Repetition is in line with the Constitution. Regarding penalties, he affirmed that international law discusses effective sanctions, not imprisonment.<\/p>\n<h3>\n                <a href=\"https:\/\/develop.dejusticia.org\/en\/\/en\/litigation\/interventions-in-lawsuits-against-police-codes-articles-on-transfer-for-protection-prohibition-for-minors-comprehensive-care-for-homeless-people-and-social-protest\/\" title=\"Interventions in lawsuits against four aspects of the New Police Code\" tabindex=\"0\">Interventions in lawsuits against four aspects of the New Police Code<\/a><br \/>\n            <\/h3>\n<h5>\n                        By <a href=\"https:\/\/develop.dejusticia.org\/en\/\/en\/responsible\/cesar-rodriguez-garavito-2\/\">C\u00e9sar Rodr\u00edguez Garavito<\/a>, <a href=\"https:\/\/develop.dejusticia.org\/en\/\/en\/responsible\/mariluz-barragan-2\/\">Maryluz Barrag\u00e1n<\/a>, <a href=\"https:\/\/develop.dejusticia.org\/en\/\/en\/responsible\/mauricio-albarracin-2\/\">Mauricio Albarrac\u00edn<\/a>, <a href=\"https:\/\/develop.dejusticia.org\/en\/\/en\/responsible\/sebastian-lalinde-ordonez-2\/\">Sebasti\u00e1n Lalinde Ord\u00f3\u00f1ez<\/a><br \/>\n                         |             Apr 5, 2017<br \/>\n                        <\/h5>\n<p>Dejusticia carried out citizen interventions regarding the constitutionality of Police Code articles that establish police measures for several categories of persons and activities.<\/p>\n<h2>\n\t\tColumns &#038;<\/br>Blogs<br \/>\n\t<\/h2>\n<h3>\n                <a href=\"https:\/\/develop.dejusticia.org\/en\/\/en\/column\/derechos-humanos-y-el-poder-practico-del-arte\/\" title=\"Human Rights and the Practical Power of Art\" tabindex=\"0\">Human Rights and the Practical Power of Art<\/a><br \/>\n            <\/h3>\n<h5>\n                        By <a href=\"https:\/\/develop.dejusticia.org\/en\/\/en\/responsible\/claret-vargas-2\/\">Claret Vargas<\/a><br \/>\n                         |             Jan 22, 2018<br \/>\n                        <\/h5>\n<p>                    At a time when the human rights movement is facing great challenges, and at a moment when there is a widespread recognition that the human rights movement must be more interdisciplinary, and locally connected, human rights advocates should be more purposeful in integrating art, in addition to social sciences, into our practice.<\/p>\n<h3>\n                <a href=\"https:\/\/develop.dejusticia.org\/en\/\/en\/column\/el-mundo-sigue-siendo-ancho-y-ajeno\/\" title=\"The world is still wide and alien\" tabindex=\"0\">The world is still wide and alien<\/a><br \/>\n            <\/h3>\n<h5>\n                        By <a href=\"https:\/\/develop.dejusticia.org\/en\/\/en\/responsible\/ana-maria-ramirez-2\/\">Ana Mar\u00eda Ram\u00edrez<\/a><br \/>\n                         |             Jan 15, 2018<br \/>\n                        <\/h5>\n<p>                    The unforeseen incidents of bringing together a handful of indigenous leaders from around the world to Colombia for the First Global Workshop for Indigenous Leaders.<\/p>\n<h3>\n                <a href=\"https:\/\/develop.dejusticia.org\/en\/\/en\/column\/inseguridad-medidas-desesperadas\/\" title=\"Insecurity: desperate measures\" tabindex=\"0\">Insecurity: desperate measures<\/a><br \/>\n            <\/h3>\n<h5>\n                        By <a href=\"https:\/\/develop.dejusticia.org\/en\/\/en\/responsible\/irina-junieles-2\/\">Irina Alejandra Junieles Acosta<\/a><br \/>\n                         |             Jan 14, 2018<br \/>\n                        <\/h5>\n<p>                    Justice through people&#8217;s own hands and the deaths in neighborhoods fights show the failure of the State in several sectors of the city, especially those that are outside the tourist circuit.<\/p>\n<h2>\n\t\tProject Highlights<br \/>\n\t<\/h2>\n<h3><\/h3>\n<p>Photo: Piyushgiri Revagar<\/p>\n<h3>\n\t\t<a href=\"https:\/\/globalfreedomofexpression.columbia.edu\/espanol\/?lang=es\" title=\"Freedom of Expression Case Law Database in Spanish\" target=\"_blank\" rel=\"noopener\"><br \/>\n\t\tFreedom of Expression Case Law Database in Spanish<br \/>\n\t\t<\/a><br \/>\n\t<\/h3>\n<h4><\/h4>\n<p>The University of Columbia, in collaboration with Dejusticia, UNESCO, FLIP, and Universidad Externado de Colombia launch the Spanish Online Database of Case Law on Freedom of Expression<\/p>\n<p>\u201cThis initiative demonstrates the importance of creating multi-stakeholder synergies in support of protecting freedom of expression in the region,\u201d said Lidia Brito, Regional Director of UNESCO Montevideo Office. The Spanish database includes significant decisions about Freedom of Expression and Access to Information from 16 Latin American countries and a number of other rulings from around the world, analyzed by a team of Colombian lawyers supervised by \u00a0\u00a0<a href=\"https:\/\/develop.dejusticia.org\/en\/\/responsible\/catalina-botero-marino\/\" target=\"_blank\" rel=\"noopener\">Catalina Botero Marino<\/a>, founding member of Dejusticia, international human rights lawyer, and former Special Rapporteur for Freedom of Expression of the Inter-American Commission on Human Rights of the Organization of American States.<\/p>\n<p>The latest publication related to this project is: &#8220;The right to freedom of expression: advanced course for judges and legal practitioners in the Americas, which you can find <a href=\"https:\/\/develop.dejusticia.org\/en\/\/en\/?post_type=publication&amp;p=38806%2F&amp;preview=true\">here.<\/a>\u00a0<\/p>\n<h3>\n\t\t<a href=\"https:\/\/develop.dejusticia.org\/en\/\/litigation\/demanda-para-proteger-el-derecho-a-la-intimidad-en-el-marco-del-nuevo-codigo-de-policia\/?lang=en\" title=\"Dejusticia Files Suit to Protect the Right to Privacy Under the New Colombian Police Code\" target=\"_self\"><br \/>\n\t\tDejusticia Files Suit to Protect the Right to Privacy Under the New Colombian Police Code<br \/>\n\t\t<\/a><br \/>\n\t<\/h3>\n<h4>In this lawsuit, we argue that articles 32, 95-8, 139, 146-2 and 237 of the new Police Code of Colombia imply or allow for the population to be subjected to indiscriminate monitoring. <\/h4>\n<p>Thus, they establish massive surveillance mechanisms which, because of a lack of definitions and limits, and for its failure to balance means and ends, result in violations of\u00a0the rights to privacy and of the writ of habeas data.<\/p>\n<p>Dejusticia is part of\u00a0 \u00a0<em><a href=\"https:\/\/www.privacyinternational.org\/privacy-international-network\">Privacy International Network<\/a><\/em>, a network of organizations that defend the right to privacy in more than twenty countries in the Global South. We promote the rights to privacy and freedom of expression in developing countries.<\/p>\n<p>To see the full document (in Spanish) click <a href=\"_wp_link_placeholder\">here<\/a><\/p>\n<h3><\/h3>\n<p>Photo: Ryuichi Maruo [YCAM] &#8220;Seiko Mikami \u2014 Desire of Codes&#8221;<\/p>\n<h3>\n\t\t<a href=\"https:\/\/develop.dejusticia.org\/en\/\/en\/publication\/democracia-justicia-y-sociedad-diez-anos-de-investigacion-en-dejusticia\/\" title=\"Democracy, Justice &amp; Society: Ten Years of Research at Dejusticia\" target=\"_blank\" rel=\"noopener\"><br \/>\n\t\tDemocracy, Justice &#038; Society: Ten Years of Research at Dejusticia<br \/>\n\t\t<\/a><br \/>\n\t<\/h3>\n<h4>Edited by <a href=\"https:\/\/develop.dejusticia.org\/en\/\/responsible\/mauricio-garcia-villegas-2\/?lang=en\">Mauricio Garc\u00eda<\/a> and <a href=\"https:\/\/develop.dejusticia.org\/en\/\/responsible\/maria-adelaida-ceballos-bedoya-2\/?lang=en\">Mar\u00eda Adelaida Ceballos<\/a>, this book collects the essential of the texts on justice produced by more than a dozen researchers during the last decade at Dejusticia<\/h4>\n<p>Texts were selected to provide as wide and deep an outlook of the research, analyses and proposals made by Dejusticia since its inception. To achieve this, each text was edited and mined for the sections\u00a0that contained its\u00a0essential ideas.<\/p>\n<p>This book attempts to contribute to the debate about issues related to justice and law in Colombia, from a democratic perspective and with a view to defending the rule of law. At the same time, this book seeks to shed light on social and political complexities that Colombia faces, by providing a better explanation of the role that law and the justice system have had in Colombian society.<\/p>\n<p>Download the full book (in Spanish) <a href=\"https:\/\/develop.dejusticia.org\/en\/\/wp-content\/uploads\/2017\/02\/fi_name_recurso.899.pdf\">here<\/a><\/p>\n","protected":false},"excerpt":{"rendered":"<p>Rule of Law The legality of power, embodied in the expression &#8220;Rule of Law&#8221;, is a fundamental concern for Dejusticia Strengthening Institutions &#038; Independent Judicial Systems We research how citizens interact with the law, and we contribute to develop a judicial culture of legality and democracy that strengthens institutions and respects human rights. We focus&hellip;<\/p>\n","protected":false},"author":1,"featured_media":0,"parent":3023,"menu_order":0,"comment_status":"closed","ping_status":"closed","template":"","meta":{"_acf_changed":false,"footnotes":""},"class_list":["post-3444","page","type-page","status-publish","hentry"],"acf":[],"yoast_head":"<!-- This site is optimized with the Yoast SEO Premium plugin v25.9 (Yoast SEO v25.9) - https:\/\/yoast.com\/wordpress\/plugins\/seo\/ -->\n<title>Rule of Law - Dejusticia<\/title>\n<meta name=\"robots\" content=\"index, follow, max-snippet:-1, max-image-preview:large, max-video-preview:-1\" \/>\n<link rel=\"canonical\" href=\"https:\/\/develop.dejusticia.org\/en\/issues\/rule-of-law\/\" \/>\n<meta property=\"og:locale\" content=\"en_US\" \/>\n<meta property=\"og:type\" content=\"article\" \/>\n<meta property=\"og:title\" content=\"Rule of Law\" \/>\n<meta property=\"og:description\" content=\"Rule of Law The legality of power, embodied in the expression &#8220;Rule of Law&#8221;, is a fundamental concern for Dejusticia Strengthening Institutions &#038; Independent Judicial Systems We research how citizens interact with the law, and we contribute to develop a judicial culture of legality and democracy that strengthens institutions and respects human rights. We focus&hellip;\" \/>\n<meta property=\"og:url\" content=\"https:\/\/develop.dejusticia.org\/en\/issues\/rule-of-law\/\" \/>\n<meta property=\"og:site_name\" content=\"Dejusticia\" \/>\n<meta property=\"article:publisher\" content=\"https:\/\/www.facebook.com\/Dejusticia\/\" \/>\n<meta property=\"article:modified_time\" content=\"2018-01-26T20:40:46+00:00\" \/>\n<meta name=\"twitter:card\" content=\"summary_large_image\" \/>\n<meta name=\"twitter:site\" content=\"@dejusticia\" \/>\n<meta name=\"twitter:label1\" content=\"Est. reading time\" \/>\n\t<meta name=\"twitter:data1\" content=\"5 minutes\" \/>\n<script type=\"application\/ld+json\" class=\"yoast-schema-graph\">{\"@context\":\"https:\/\/schema.org\",\"@graph\":[{\"@type\":\"WebPage\",\"@id\":\"https:\/\/develop.dejusticia.org\/en\/issues\/rule-of-law\/\",\"url\":\"https:\/\/develop.dejusticia.org\/en\/issues\/rule-of-law\/\",\"name\":\"Rule of Law - Dejusticia\",\"isPartOf\":{\"@id\":\"https:\/\/develop.dejusticia.org\/#website\"},\"datePublished\":\"2017-01-13T20:11:56+00:00\",\"dateModified\":\"2018-01-26T20:40:46+00:00\",\"breadcrumb\":{\"@id\":\"https:\/\/develop.dejusticia.org\/en\/issues\/rule-of-law\/#breadcrumb\"},\"inLanguage\":\"en-US\",\"potentialAction\":[{\"@type\":\"ReadAction\",\"target\":[\"https:\/\/develop.dejusticia.org\/en\/issues\/rule-of-law\/\"]}]},{\"@type\":\"BreadcrumbList\",\"@id\":\"https:\/\/develop.dejusticia.org\/en\/issues\/rule-of-law\/#breadcrumb\",\"itemListElement\":[{\"@type\":\"ListItem\",\"position\":1,\"name\":\"Home\",\"item\":\"https:\/\/develop.dejusticia.org\/en\/\"},{\"@type\":\"ListItem\",\"position\":2,\"name\":\"ISSUES\",\"item\":\"https:\/\/develop.dejusticia.org\/en\/issues\/\"},{\"@type\":\"ListItem\",\"position\":3,\"name\":\"Rule of Law\"}]},{\"@type\":\"WebSite\",\"@id\":\"https:\/\/develop.dejusticia.org\/#website\",\"url\":\"https:\/\/develop.dejusticia.org\/\",\"name\":\"Dejusticia\",\"description\":\"Centro de Estudios de Derecho, Justicia y Sociedad\",\"publisher\":{\"@id\":\"https:\/\/develop.dejusticia.org\/#organization\"},\"potentialAction\":[{\"@type\":\"SearchAction\",\"target\":{\"@type\":\"EntryPoint\",\"urlTemplate\":\"https:\/\/develop.dejusticia.org\/?s={search_term_string}\"},\"query-input\":{\"@type\":\"PropertyValueSpecification\",\"valueRequired\":true,\"valueName\":\"search_term_string\"}}],\"inLanguage\":\"en-US\"},{\"@type\":\"Organization\",\"@id\":\"https:\/\/develop.dejusticia.org\/#organization\",\"name\":\"Dejusticia\",\"url\":\"https:\/\/develop.dejusticia.org\/\",\"logo\":{\"@type\":\"ImageObject\",\"inLanguage\":\"en-US\",\"@id\":\"https:\/\/develop.dejusticia.org\/#\/schema\/logo\/image\/\",\"url\":\"https:\/\/www.dejusticia.org\/wp-content\/uploads\/2020\/09\/logo-v1-dejusticia-MC.svg\",\"contentUrl\":\"https:\/\/www.dejusticia.org\/wp-content\/uploads\/2020\/09\/logo-v1-dejusticia-MC.svg\",\"width\":1,\"height\":1,\"caption\":\"Dejusticia\"},\"image\":{\"@id\":\"https:\/\/develop.dejusticia.org\/#\/schema\/logo\/image\/\"},\"sameAs\":[\"https:\/\/www.facebook.com\/Dejusticia\/\",\"https:\/\/x.com\/dejusticia\",\"https:\/\/www.youtube.com\/channel\/UCbwnwY8oIpHCug4R3KhjewQ\/feed\"]}]}<\/script>\n<!-- \/ Yoast SEO Premium plugin. -->","yoast_head_json":{"title":"Rule of Law - Dejusticia","robots":{"index":"index","follow":"follow","max-snippet":"max-snippet:-1","max-image-preview":"max-image-preview:large","max-video-preview":"max-video-preview:-1"},"canonical":"https:\/\/develop.dejusticia.org\/en\/issues\/rule-of-law\/","og_locale":"en_US","og_type":"article","og_title":"Rule of Law","og_description":"Rule of Law The legality of power, embodied in the expression &#8220;Rule of Law&#8221;, is a fundamental concern for Dejusticia Strengthening Institutions &#038; Independent Judicial Systems We research how citizens interact with the law, and we contribute to develop a judicial culture of legality and democracy that strengthens institutions and respects human rights. We focus&hellip;","og_url":"https:\/\/develop.dejusticia.org\/en\/issues\/rule-of-law\/","og_site_name":"Dejusticia","article_publisher":"https:\/\/www.facebook.com\/Dejusticia\/","article_modified_time":"2018-01-26T20:40:46+00:00","twitter_card":"summary_large_image","twitter_site":"@dejusticia","twitter_misc":{"Est. reading time":"5 minutes"},"schema":{"@context":"https:\/\/schema.org","@graph":[{"@type":"WebPage","@id":"https:\/\/develop.dejusticia.org\/en\/issues\/rule-of-law\/","url":"https:\/\/develop.dejusticia.org\/en\/issues\/rule-of-law\/","name":"Rule of Law - Dejusticia","isPartOf":{"@id":"https:\/\/develop.dejusticia.org\/#website"},"datePublished":"2017-01-13T20:11:56+00:00","dateModified":"2018-01-26T20:40:46+00:00","breadcrumb":{"@id":"https:\/\/develop.dejusticia.org\/en\/issues\/rule-of-law\/#breadcrumb"},"inLanguage":"en-US","potentialAction":[{"@type":"ReadAction","target":["https:\/\/develop.dejusticia.org\/en\/issues\/rule-of-law\/"]}]},{"@type":"BreadcrumbList","@id":"https:\/\/develop.dejusticia.org\/en\/issues\/rule-of-law\/#breadcrumb","itemListElement":[{"@type":"ListItem","position":1,"name":"Home","item":"https:\/\/develop.dejusticia.org\/en\/"},{"@type":"ListItem","position":2,"name":"ISSUES","item":"https:\/\/develop.dejusticia.org\/en\/issues\/"},{"@type":"ListItem","position":3,"name":"Rule of Law"}]},{"@type":"WebSite","@id":"https:\/\/develop.dejusticia.org\/#website","url":"https:\/\/develop.dejusticia.org\/","name":"Dejusticia","description":"Centro de Estudios de Derecho, Justicia y Sociedad","publisher":{"@id":"https:\/\/develop.dejusticia.org\/#organization"},"potentialAction":[{"@type":"SearchAction","target":{"@type":"EntryPoint","urlTemplate":"https:\/\/develop.dejusticia.org\/?s={search_term_string}"},"query-input":{"@type":"PropertyValueSpecification","valueRequired":true,"valueName":"search_term_string"}}],"inLanguage":"en-US"},{"@type":"Organization","@id":"https:\/\/develop.dejusticia.org\/#organization","name":"Dejusticia","url":"https:\/\/develop.dejusticia.org\/","logo":{"@type":"ImageObject","inLanguage":"en-US","@id":"https:\/\/develop.dejusticia.org\/#\/schema\/logo\/image\/","url":"https:\/\/www.dejusticia.org\/wp-content\/uploads\/2020\/09\/logo-v1-dejusticia-MC.svg","contentUrl":"https:\/\/www.dejusticia.org\/wp-content\/uploads\/2020\/09\/logo-v1-dejusticia-MC.svg","width":1,"height":1,"caption":"Dejusticia"},"image":{"@id":"https:\/\/develop.dejusticia.org\/#\/schema\/logo\/image\/"},"sameAs":["https:\/\/www.facebook.com\/Dejusticia\/","https:\/\/x.com\/dejusticia","https:\/\/www.youtube.com\/channel\/UCbwnwY8oIpHCug4R3KhjewQ\/feed"]}]}},"translations":[{"en":{"translation_id":"135","language_code":"en","element_id":"3444","source_language_code":null,"element_type":"post_page","original":"1","post_title":"Rule of Law","post_status":"publish"},"es":{"translation_id":"3623","language_code":"es","element_id":"17185","source_language_code":"en","element_type":"post_page","original":"0","post_title":"Estado de Derecho","post_status":"publish"}}],"_links":{"self":[{"href":"https:\/\/develop.dejusticia.org\/en\/wp-json\/wp\/v2\/pages\/3444","targetHints":{"allow":["GET"]}}],"collection":[{"href":"https:\/\/develop.dejusticia.org\/en\/wp-json\/wp\/v2\/pages"}],"about":[{"href":"https:\/\/develop.dejusticia.org\/en\/wp-json\/wp\/v2\/types\/page"}],"author":[{"embeddable":true,"href":"https:\/\/develop.dejusticia.org\/en\/wp-json\/wp\/v2\/users\/1"}],"replies":[{"embeddable":true,"href":"https:\/\/develop.dejusticia.org\/en\/wp-json\/wp\/v2\/comments?post=3444"}],"version-history":[{"count":0,"href":"https:\/\/develop.dejusticia.org\/en\/wp-json\/wp\/v2\/pages\/3444\/revisions"}],"up":[{"embeddable":true,"href":"https:\/\/develop.dejusticia.org\/en\/wp-json\/wp\/v2\/pages\/3023"}],"wp:attachment":[{"href":"https:\/\/develop.dejusticia.org\/en\/wp-json\/wp\/v2\/media?parent=3444"}],"curies":[{"name":"wp","href":"https:\/\/api.w.org\/{rel}","templated":true}]}}