{"id":83159,"date":"2025-04-24T14:44:59","date_gmt":"2025-04-24T19:44:59","guid":{"rendered":"https:\/\/develop.dejusticia.org\/justicia-fiscal\/"},"modified":"2025-10-01T12:21:44","modified_gmt":"2025-10-01T17:21:44","slug":"tax-justice","status":"publish","type":"page","link":"https:\/\/develop.dejusticia.org\/en\/tax-justice\/","title":{"rendered":"Tax Justice"},"content":{"rendered":"\n\n\t<p>Topic<\/p>\n<h1>\n\t\t\tTax <br \/> Justice\t<\/h1>\n\t\t\t\t<img decoding=\"async\" src=\"https:\/\/develop.dejusticia.org\/en\/\/wp-content\/uploads\/2023\/03\/justicia-fiscal-duotono.jpeg\" alt=\"justicia-fiscal-duotono\" itemprop=\"image\" height=\"1280\" width=\"1920\" title=\"justicia-fiscal-duotono\" onerror=\"this.style.display='none'\" loading=\"lazy\" \/>\n\t<p>Other topics:<\/p>\n\t<p>Tax policy is a fundamental part of the obligation of states to guarantee compliance with human rights. Therefore, from the line we work to have progressive, efficient and equitable tax systems, we seek to contribute to greater international cooperation in the fight against tax fraud and abuse, and we promote tax policy instruments that contribute to climate change mitigation and adaptation.<\/p>\n<h2>\n\t\t\tLatest\t<\/h2>\n\t<p>Sorry, we couldn&#8217;t find any posts. Please try a different search.<\/p>\n\t\t\t<a href=\"https:\/\/develop.dejusticia.org\/en\/\/en\/category\/columns-on-fiscal-policy\/\" target=\"_self\">\n\t\t\t\t\t\t\tMore opinion columns\n\t\t\t\t\t<\/a>\n\t\t\t<a href=\"https:\/\/develop.dejusticia.org\/en\/\/en\/category\/notes-on-fiscal-policy\/\" target=\"_self\">\n\t\t\t\t\t\t\tMore news\n\t\t\t\t\t<\/a>\n\t\t\t\t<img decoding=\"async\" src=\"https:\/\/develop.dejusticia.org\/en\/\/wp-content\/uploads\/2023\/03\/mail-icon-fiscal.png\" alt=\"mail-icon-fiscal\" title=\"mail-icon-fiscal\" itemprop=\"image\"\/>\n\t<p>Be informed about our latest works in Tax Justice<\/p>\n<h2>\n\t\t\tLitigation\t<\/h2>\n\t<p>Sorry, we couldn&#8217;t find any posts. Please try a different search.<\/p>\n\t\t\t<a href=\"https:\/\/develop.dejusticia.org\/en\/\/en\/category\/litigation-area\/litigations-on-fiscal-justice\/\" target=\"_self\">\n\t\t\t\t\t\t\tMore litigation\n\t\t\t\t\t<\/a>\n<h2>\n\t\t\tResearch\t<\/h2>\n\t<meta itemscope itemprop=\"mainEntityOfPage\" itemtype=\"https:\/\/schema.org\/WebPage\" itemid=\"https:\/\/develop.dejusticia.org\/en\/\/en\/publication\/fiscal-justice-as-an-opportunity-during-the-pandemic\/\" content=\"Tax justice as an opportunity\" \/><meta itemprop=\"datePublished\" content=\"2020-07-09\" \/><meta itemprop=\"dateModified\" content=\"2025-05-22\" \/><meta itemprop=\"name\" content=\"Dejusticia\"\/><meta itemprop=\"url\" content=\"https:\/\/staging.dejusticia.org\/wp-content\/uploads\/2018\/05\/dejusticia_logo_english_color-1.png\"\/><meta itemprop=\"url\" content=\"https:\/\/develop.dejusticia.org\/en\/\/en\/author\/admin-dejusticia\/\" \/><meta itemprop=\"name\" content=\"Dejusticia\" \/><meta itemprop=\"url\" content=\"https:\/\/develop.dejusticia.org\/en\/\/wp-content\/uploads\/2020\/07\/portadadmma.png\" \/><meta itemprop=\"width\" content=\"459\" \/><meta itemprop=\"height\" content=\"593\" \/><meta itemprop=\"interactionType\" content=\"https:\/\/schema.org\/CommentAction\" \/><meta itemprop=\"userInteractionCount\" content=\"0\" \/>\n<a href='https:\/\/develop.dejusticia.org\/en\/\/en\/publication\/fiscal-justice-as-an-opportunity-during-the-pandemic\/' title='Tax justice as an opportunity'><img width=\"459\" height=\"593\" src=\"https:\/\/develop.dejusticia.org\/en\/\/wp-content\/uploads\/2020\/07\/portadadmma.png\" alt=\"\" itemprop=\"image\" decoding=\"async\" loading=\"lazy\" srcset=\"https:\/\/develop.dejusticia.org\/en\/\/wp-content\/uploads\/2020\/07\/portadadmma.png 459w, https:\/\/develop.dejusticia.org\/en\/\/wp-content\/uploads\/2020\/07\/portadadmma-174x225.png 174w, https:\/\/develop.dejusticia.org\/en\/\/wp-content\/uploads\/2020\/07\/portadadmma-139x180.png 139w, https:\/\/develop.dejusticia.org\/en\/\/wp-content\/uploads\/2020\/07\/portadadmma-372x480.png 372w, https:\/\/develop.dejusticia.org\/en\/\/wp-content\/uploads\/2020\/07\/portadadmma-209x270.png 209w, https:\/\/develop.dejusticia.org\/en\/\/wp-content\/uploads\/2020\/07\/portadadmma-311x402.png 311w, https:\/\/develop.dejusticia.org\/en\/\/wp-content\/uploads\/2020\/07\/portadadmma-116x150.png 116w\" sizes=\"auto, (max-width: 459px) 100vw, 459px\" \/><\/a>\n<h3><a href='https:\/\/develop.dejusticia.org\/en\/\/en\/publication\/fiscal-justice-as-an-opportunity-during-the-pandemic\/' title='Tax justice as an opportunity'>Tax justice as an opportunity<\/a><\/h3>\n Jul 9, 2020  | Por <a href=\"https:\/\/develop.dejusticia.org\/en\/\/en\/author\/admin-dejusticia\/\">Dejusticia<\/a> \n\t\t\t<a href=\"https:\/\/develop.dejusticia.org\/en\/\/en\/category\/research-publications\/publications-on-fiscal-justice\/\" target=\"_self\">\n\t\t\t\t\t\t\tMore research\n\t\t\t\t\t<\/a>\n<h3>\n\t\t\tHighlight\t<\/h3>\n\t\t\t\t<a href=\"https:\/\/develop.dejusticia.org\/en\/\/capital-comun-un-juego-de-justicia-fiscal\/\"  target=\"_self\" itemprop=\"url\">\n\t\t\t\t<img decoding=\"async\" src=\"https:\/\/develop.dejusticia.org\/en\/\/wp-content\/uploads\/2025\/09\/Capital-Comun-Videojuego-1.jpg\" alt=\"En Capital Com\u00fan te enfrentar\u00e1s a encrucijadas propuestas por personajes como Ranaldo, Alcizar McNational, Paujilia de G\u00f3mez y Victortugo. Mr. Taxfish te guiar\u00e1 en este desaf\u00edo.\" itemprop=\"image\" height=\"767\" width=\"1372\" title=\"Capital-Comun-Videojuego-1\" onerror=\"this.style.display='none'\" loading=\"lazy\" \/>\n\t\t\t\t<\/a>\n<h4>\n\t\t<a href=\"https:\/\/develop.dejusticia.org\/en\/\/capital-comun-un-juego-de-justicia-fiscal\/\" title=\"Tax justice as an opportunity\"  target=\"_self\">\n\t\t\tTax justice as an opportunity\t\t<\/a>\n\t<\/h4>\n\t<article dir=\"auto\" tabindex=\"-1\" data-turn-id=\"request-WEB:e82c086d-5931-4c78-822d-648f49edbf73-9\" data-testid=\"conversation-turn-20\" data-scroll-anchor=\"true\" data-turn=\"assistant\">\nThis video game turns tax collection into a laboratory of fiscal dilemmas. As the ruler of a town, you will make the decisions while some characters challenge your sense of justice. How far will you go for the common good?\n<\/article>\n\t\t\t\t<img decoding=\"async\" src=\"https:\/\/develop.dejusticia.org\/en\/\/wp-content\/uploads\/2025\/05\/mailing-icon.png\" alt=\"mailing-icon\" title=\"mailing-icon\" itemprop=\"image\"\/>\n\t<p><strong>Join our mailing list<\/strong><\/p>\n<p>By subscribing to our mailing list, you authorize Dejusticia to use your information to send you emails with news and information about upcoming events.<\/p>\n\n","protected":false},"excerpt":{"rendered":"<p>Topic Tax Justice Other topics: Tax policy is a fundamental part of the obligation of states to guarantee compliance with human rights. Therefore, from the line we work to have progressive, efficient and equitable tax systems, we seek to contribute to greater international cooperation in the fight against tax fraud and abuse, and we promote&hellip;<\/p>\n","protected":false},"author":1,"featured_media":0,"parent":0,"menu_order":0,"comment_status":"closed","ping_status":"closed","template":"","meta":{"_acf_changed":false,"footnotes":""},"class_list":["post-83159","page","type-page","status-publish","hentry"],"acf":[],"yoast_head":"<!-- This site is optimized with the Yoast SEO Premium plugin v25.9 (Yoast SEO v25.9) - https:\/\/yoast.com\/wordpress\/plugins\/seo\/ -->\n<title>Tax Justice - Dejusticia<\/title>\n<meta name=\"robots\" content=\"index, follow, max-snippet:-1, max-image-preview:large, max-video-preview:-1\" \/>\n<link rel=\"canonical\" href=\"https:\/\/develop.dejusticia.org\/en\/tax-justice\/\" \/>\n<meta property=\"og:locale\" content=\"en_US\" \/>\n<meta property=\"og:type\" content=\"article\" \/>\n<meta property=\"og:title\" content=\"Tax Justice\" \/>\n<meta property=\"og:description\" content=\"Topic Tax Justice Other topics: Tax policy is a fundamental part of the obligation of states to guarantee compliance with human rights. Therefore, from the line we work to have progressive, efficient and equitable tax systems, we seek to contribute to greater international cooperation in the fight against tax fraud and abuse, and we promote&hellip;\" \/>\n<meta property=\"og:url\" content=\"https:\/\/develop.dejusticia.org\/en\/tax-justice\/\" \/>\n<meta property=\"og:site_name\" content=\"Dejusticia\" \/>\n<meta property=\"article:publisher\" content=\"https:\/\/www.facebook.com\/Dejusticia\/\" \/>\n<meta property=\"article:modified_time\" content=\"2025-10-01T17:21:44+00:00\" \/>\n<meta property=\"og:image\" content=\"https:\/\/www.dejusticia.org\/wp-content\/uploads\/2023\/03\/justicia-fiscal-duotono.jpeg\" \/>\n<meta name=\"twitter:card\" content=\"summary_large_image\" \/>\n<meta name=\"twitter:site\" content=\"@dejusticia\" \/>\n<meta name=\"twitter:label1\" content=\"Est. reading time\" \/>\n\t<meta name=\"twitter:data1\" content=\"2 minutes\" \/>\n<script type=\"application\/ld+json\" class=\"yoast-schema-graph\">{\"@context\":\"https:\/\/schema.org\",\"@graph\":[{\"@type\":\"WebPage\",\"@id\":\"https:\/\/develop.dejusticia.org\/en\/tax-justice\/\",\"url\":\"https:\/\/develop.dejusticia.org\/en\/tax-justice\/\",\"name\":\"Tax Justice - Dejusticia\",\"isPartOf\":{\"@id\":\"https:\/\/develop.dejusticia.org\/#website\"},\"primaryImageOfPage\":{\"@id\":\"https:\/\/develop.dejusticia.org\/en\/tax-justice\/#primaryimage\"},\"image\":{\"@id\":\"https:\/\/develop.dejusticia.org\/en\/tax-justice\/#primaryimage\"},\"thumbnailUrl\":\"https:\/\/www.dejusticia.org\/wp-content\/uploads\/2023\/03\/justicia-fiscal-duotono.jpeg\",\"datePublished\":\"2025-04-24T19:44:59+00:00\",\"dateModified\":\"2025-10-01T17:21:44+00:00\",\"breadcrumb\":{\"@id\":\"https:\/\/develop.dejusticia.org\/en\/tax-justice\/#breadcrumb\"},\"inLanguage\":\"en-US\",\"potentialAction\":[{\"@type\":\"ReadAction\",\"target\":[\"https:\/\/develop.dejusticia.org\/en\/tax-justice\/\"]}]},{\"@type\":\"ImageObject\",\"inLanguage\":\"en-US\",\"@id\":\"https:\/\/develop.dejusticia.org\/en\/tax-justice\/#primaryimage\",\"url\":\"https:\/\/www.dejusticia.org\/wp-content\/uploads\/2023\/03\/justicia-fiscal-duotono.jpeg\",\"contentUrl\":\"https:\/\/www.dejusticia.org\/wp-content\/uploads\/2023\/03\/justicia-fiscal-duotono.jpeg\"},{\"@type\":\"BreadcrumbList\",\"@id\":\"https:\/\/develop.dejusticia.org\/en\/tax-justice\/#breadcrumb\",\"itemListElement\":[{\"@type\":\"ListItem\",\"position\":1,\"name\":\"Home\",\"item\":\"https:\/\/develop.dejusticia.org\/en\/\"},{\"@type\":\"ListItem\",\"position\":2,\"name\":\"Tax Justice\"}]},{\"@type\":\"WebSite\",\"@id\":\"https:\/\/develop.dejusticia.org\/#website\",\"url\":\"https:\/\/develop.dejusticia.org\/\",\"name\":\"Dejusticia\",\"description\":\"Centro de Estudios de Derecho, Justicia y Sociedad\",\"publisher\":{\"@id\":\"https:\/\/develop.dejusticia.org\/#organization\"},\"potentialAction\":[{\"@type\":\"SearchAction\",\"target\":{\"@type\":\"EntryPoint\",\"urlTemplate\":\"https:\/\/develop.dejusticia.org\/?s={search_term_string}\"},\"query-input\":{\"@type\":\"PropertyValueSpecification\",\"valueRequired\":true,\"valueName\":\"search_term_string\"}}],\"inLanguage\":\"en-US\"},{\"@type\":\"Organization\",\"@id\":\"https:\/\/develop.dejusticia.org\/#organization\",\"name\":\"Dejusticia\",\"url\":\"https:\/\/develop.dejusticia.org\/\",\"logo\":{\"@type\":\"ImageObject\",\"inLanguage\":\"en-US\",\"@id\":\"https:\/\/develop.dejusticia.org\/#\/schema\/logo\/image\/\",\"url\":\"https:\/\/www.dejusticia.org\/wp-content\/uploads\/2020\/09\/logo-v1-dejusticia-MC.svg\",\"contentUrl\":\"https:\/\/www.dejusticia.org\/wp-content\/uploads\/2020\/09\/logo-v1-dejusticia-MC.svg\",\"width\":1,\"height\":1,\"caption\":\"Dejusticia\"},\"image\":{\"@id\":\"https:\/\/develop.dejusticia.org\/#\/schema\/logo\/image\/\"},\"sameAs\":[\"https:\/\/www.facebook.com\/Dejusticia\/\",\"https:\/\/x.com\/dejusticia\",\"https:\/\/www.youtube.com\/channel\/UCbwnwY8oIpHCug4R3KhjewQ\/feed\"]}]}<\/script>\n<!-- \/ Yoast SEO Premium plugin. -->","yoast_head_json":{"title":"Tax Justice - Dejusticia","robots":{"index":"index","follow":"follow","max-snippet":"max-snippet:-1","max-image-preview":"max-image-preview:large","max-video-preview":"max-video-preview:-1"},"canonical":"https:\/\/develop.dejusticia.org\/en\/tax-justice\/","og_locale":"en_US","og_type":"article","og_title":"Tax Justice","og_description":"Topic Tax Justice Other topics: Tax policy is a fundamental part of the obligation of states to guarantee compliance with human rights. Therefore, from the line we work to have progressive, efficient and equitable tax systems, we seek to contribute to greater international cooperation in the fight against tax fraud and abuse, and we promote&hellip;","og_url":"https:\/\/develop.dejusticia.org\/en\/tax-justice\/","og_site_name":"Dejusticia","article_publisher":"https:\/\/www.facebook.com\/Dejusticia\/","article_modified_time":"2025-10-01T17:21:44+00:00","og_image":[{"url":"https:\/\/www.dejusticia.org\/wp-content\/uploads\/2023\/03\/justicia-fiscal-duotono.jpeg","type":"","width":"","height":""}],"twitter_card":"summary_large_image","twitter_site":"@dejusticia","twitter_misc":{"Est. reading time":"2 minutes"},"schema":{"@context":"https:\/\/schema.org","@graph":[{"@type":"WebPage","@id":"https:\/\/develop.dejusticia.org\/en\/tax-justice\/","url":"https:\/\/develop.dejusticia.org\/en\/tax-justice\/","name":"Tax Justice - Dejusticia","isPartOf":{"@id":"https:\/\/develop.dejusticia.org\/#website"},"primaryImageOfPage":{"@id":"https:\/\/develop.dejusticia.org\/en\/tax-justice\/#primaryimage"},"image":{"@id":"https:\/\/develop.dejusticia.org\/en\/tax-justice\/#primaryimage"},"thumbnailUrl":"https:\/\/www.dejusticia.org\/wp-content\/uploads\/2023\/03\/justicia-fiscal-duotono.jpeg","datePublished":"2025-04-24T19:44:59+00:00","dateModified":"2025-10-01T17:21:44+00:00","breadcrumb":{"@id":"https:\/\/develop.dejusticia.org\/en\/tax-justice\/#breadcrumb"},"inLanguage":"en-US","potentialAction":[{"@type":"ReadAction","target":["https:\/\/develop.dejusticia.org\/en\/tax-justice\/"]}]},{"@type":"ImageObject","inLanguage":"en-US","@id":"https:\/\/develop.dejusticia.org\/en\/tax-justice\/#primaryimage","url":"https:\/\/www.dejusticia.org\/wp-content\/uploads\/2023\/03\/justicia-fiscal-duotono.jpeg","contentUrl":"https:\/\/www.dejusticia.org\/wp-content\/uploads\/2023\/03\/justicia-fiscal-duotono.jpeg"},{"@type":"BreadcrumbList","@id":"https:\/\/develop.dejusticia.org\/en\/tax-justice\/#breadcrumb","itemListElement":[{"@type":"ListItem","position":1,"name":"Home","item":"https:\/\/develop.dejusticia.org\/en\/"},{"@type":"ListItem","position":2,"name":"Tax Justice"}]},{"@type":"WebSite","@id":"https:\/\/develop.dejusticia.org\/#website","url":"https:\/\/develop.dejusticia.org\/","name":"Dejusticia","description":"Centro de Estudios de Derecho, Justicia y Sociedad","publisher":{"@id":"https:\/\/develop.dejusticia.org\/#organization"},"potentialAction":[{"@type":"SearchAction","target":{"@type":"EntryPoint","urlTemplate":"https:\/\/develop.dejusticia.org\/?s={search_term_string}"},"query-input":{"@type":"PropertyValueSpecification","valueRequired":true,"valueName":"search_term_string"}}],"inLanguage":"en-US"},{"@type":"Organization","@id":"https:\/\/develop.dejusticia.org\/#organization","name":"Dejusticia","url":"https:\/\/develop.dejusticia.org\/","logo":{"@type":"ImageObject","inLanguage":"en-US","@id":"https:\/\/develop.dejusticia.org\/#\/schema\/logo\/image\/","url":"https:\/\/www.dejusticia.org\/wp-content\/uploads\/2020\/09\/logo-v1-dejusticia-MC.svg","contentUrl":"https:\/\/www.dejusticia.org\/wp-content\/uploads\/2020\/09\/logo-v1-dejusticia-MC.svg","width":1,"height":1,"caption":"Dejusticia"},"image":{"@id":"https:\/\/develop.dejusticia.org\/#\/schema\/logo\/image\/"},"sameAs":["https:\/\/www.facebook.com\/Dejusticia\/","https:\/\/x.com\/dejusticia","https:\/\/www.youtube.com\/channel\/UCbwnwY8oIpHCug4R3KhjewQ\/feed"]}]}},"translations":[{"en":{"translation_id":"48714","language_code":"en","element_id":"83159","source_language_code":"es","element_type":"post_page","original":"0","post_title":"Tax Justice","post_status":"publish"},"es":{"translation_id":"49905","language_code":"es","element_id":"85232","source_language_code":null,"element_type":"post_page","original":"1","post_title":"Justicia Fiscal","post_status":"publish"}}],"_links":{"self":[{"href":"https:\/\/develop.dejusticia.org\/en\/wp-json\/wp\/v2\/pages\/83159","targetHints":{"allow":["GET"]}}],"collection":[{"href":"https:\/\/develop.dejusticia.org\/en\/wp-json\/wp\/v2\/pages"}],"about":[{"href":"https:\/\/develop.dejusticia.org\/en\/wp-json\/wp\/v2\/types\/page"}],"author":[{"embeddable":true,"href":"https:\/\/develop.dejusticia.org\/en\/wp-json\/wp\/v2\/users\/1"}],"replies":[{"embeddable":true,"href":"https:\/\/develop.dejusticia.org\/en\/wp-json\/wp\/v2\/comments?post=83159"}],"version-history":[{"count":0,"href":"https:\/\/develop.dejusticia.org\/en\/wp-json\/wp\/v2\/pages\/83159\/revisions"}],"wp:attachment":[{"href":"https:\/\/develop.dejusticia.org\/en\/wp-json\/wp\/v2\/media?parent=83159"}],"curies":[{"name":"wp","href":"https:\/\/api.w.org\/{rel}","templated":true}]}}