{"id":85478,"date":"2025-05-20T02:10:23","date_gmt":"2025-05-20T07:10:23","guid":{"rendered":"https:\/\/www.dejusticia.org\/?page_id=85478"},"modified":"2025-05-20T02:10:23","modified_gmt":"2025-05-20T07:10:23","slug":"global-blog","status":"publish","type":"page","link":"https:\/\/develop.dejusticia.org\/en\/global-blog\/","title":{"rendered":"Global blog"},"content":{"rendered":"\n<h2>\n\t\t\tGlobal blog\t<\/h2>\n                                                            <a href=\"https:\/\/develop.dejusticia.org\/en\/\/en\/the-new-world-order\/\" target=\"_self\"  title=\"New world order: a great opportunity for the South\">\n                <img decoding=\"async\" src=\"https:\/\/develop.dejusticia.org\/en\/\/wp-content\/uploads\/2025\/05\/Blog_global_-Orden-Mundial-21-325x225.jpg\" alt=\"\" \/>\n                <\/a>\n                    <h2>\n                <a href=https:\/\/develop.dejusticia.org\/en\/\/en\/the-new-world-order\/ title=New world order: a great opportunity for the South tabindex=\"0\">New world order: a great opportunity for the South<\/a>            <\/h2>\n                        <h5>\n                            May 5, 2025                        \n         |                         By <a href=\"https:\/\/develop.dejusticia.org\/en\/\/en\/responsible\/randy-sebastian-villalba-arango\/\">Randy Sebasti\u00e1n Villalba Arango<\/a>                                     | <a href=\"https:\/\/develop.dejusticia.org\/en\/\/en\/tag\/donald-trump\/\" rel=\"category tag\">Donald Trump<\/a>,&nbsp;<a href=\"https:\/\/develop.dejusticia.org\/en\/\/en\/tag\/el-sur-global\/\" rel=\"category tag\">El sur global<\/a>                <\/h5>\n                            While this storm for control of the old order continues to intensify in the North, the Global South has a historic opportunity to redefine its role in the global economy with its natural and human wealth.\n                <a href=\"https:\/\/develop.dejusticia.org\/en\/\/en\/the-new-world-order\/\" target=\"_self\">Leer m\u00e1s &#8594;<\/a>        \n                                                            <a href=\"https:\/\/develop.dejusticia.org\/en\/\/en\/the-right-to-protest-under-threat-the-situation-in-peru\/\" target=\"_self\"  title=\"The right to protest under threat: the situation in Peru\">\n                <img decoding=\"async\" src=\"https:\/\/develop.dejusticia.org\/en\/\/wp-content\/uploads\/2025\/03\/The-right-to-protest-under-threat-the-situation-in-Peru-325x225.jpeg\" alt=\"\" \/>\n                <\/a>\n                    <h2>\n                <a href=https:\/\/develop.dejusticia.org\/en\/\/en\/the-right-to-protest-under-threat-the-situation-in-peru\/ title=The right to protest under threat: the situation in Peru tabindex=\"0\">The right to protest under threat: the situation in Peru<\/a>            <\/h2>\n                        <h5>\n                            Mar 6, 2025                        \n         |                         By <a href=\"https:\/\/develop.dejusticia.org\/en\/\/en\/responsible\/laura-sofia-forero-alba\/\">Sofia Forero Alba<\/a>, <a href=\"https:\/\/develop.dejusticia.org\/en\/\/en\/responsible\/betsy-zavaleta-amaya\/\">Betsy Zavaleta Amaya<\/a>                                     | <a href=\"https:\/\/develop.dejusticia.org\/en\/\/en\/tag\/peru\/\" rel=\"category tag\">Per\u00fa<\/a>,&nbsp;<a href=\"https:\/\/develop.dejusticia.org\/en\/\/en\/tag\/repression\/\" rel=\"category tag\">Repression<\/a>,&nbsp;<a href=\"https:\/\/develop.dejusticia.org\/en\/\/en\/tag\/social-protest\/\" rel=\"category tag\">Social Protest<\/a>                <\/h5>\n                            Peru faces a fractured democracy: violent repression, criminalization of protests, and exclusion of indigenous communities expose historical wounds. The political and social crisis demands justice and urgent structural change.\n                <a href=\"https:\/\/develop.dejusticia.org\/en\/\/en\/the-right-to-protest-under-threat-the-situation-in-peru\/\" target=\"_self\">Leer m\u00e1s &#8594;<\/a>        \n                                                            <a href=\"https:\/\/develop.dejusticia.org\/en\/\/en\/the-search-for-the-disappeared-similar-paths-miles-away\/\" target=\"_self\"  title=\"The search for the disappeared: similar paths miles away\">\n                <img decoding=\"async\" src=\"https:\/\/develop.dejusticia.org\/en\/\/wp-content\/uploads\/2025\/02\/Blog-global-disappeared-325x225.jpg\" alt=\"\" \/>\n                <\/a>\n                    <h2>\n                <a href=https:\/\/develop.dejusticia.org\/en\/\/en\/the-search-for-the-disappeared-similar-paths-miles-away\/ title=The search for the disappeared: similar paths miles away tabindex=\"0\">The search for the disappeared: similar paths miles away<\/a>            <\/h2>\n                        <h5>\n                            Feb 25, 2025                        \n         |                         By <a href=\"https:\/\/develop.dejusticia.org\/en\/\/en\/responsible\/paula-andrea-valencia-cortes\/\">Paula Andrea Valencia Cort\u00e9s<\/a>, <a href=\"https:\/\/develop.dejusticia.org\/en\/\/en\/responsible\/mulki-makmun\/\">Mulki Makmun<\/a>                                     | <a href=\"https:\/\/develop.dejusticia.org\/en\/\/en\/tag\/disappeared-persons-en\/\" rel=\"category tag\">Disappeared Persons<\/a>,&nbsp;<a href=\"https:\/\/develop.dejusticia.org\/en\/\/en\/tag\/indonesia\/\" rel=\"category tag\">Indonesia<\/a>,&nbsp;<a href=\"https:\/\/develop.dejusticia.org\/en\/\/en\/tag\/timor-leste\/\" rel=\"category tag\">Timor-Leste<\/a>,&nbsp;<a href=\"https:\/\/develop.dejusticia.org\/en\/\/en\/tag\/ubpd\/\" rel=\"category tag\">UBPD<\/a>,&nbsp;<a href=\"https:\/\/develop.dejusticia.org\/en\/\/en\/tag\/victims-en\/\" rel=\"category tag\">Victims<\/a>                <\/h5>\n                            An empty plate speaks louder than words. In Colombia, Timor-Leste, and Indonesia, families refuse to forget their disappeared loved ones, confronting bureaucratic obstacles, institutional failures, and silence, demanding truth, justice, and the answers they are owed.\n                <a href=\"https:\/\/develop.dejusticia.org\/en\/\/en\/the-search-for-the-disappeared-similar-paths-miles-away\/\" target=\"_self\">Leer m\u00e1s &#8594;<\/a>        \n                                                            <a href=\"https:\/\/develop.dejusticia.org\/en\/\/en\/straddling-borders-a-journey-of-indigenous-identity\/\" target=\"_self\"  title=\"Straddling borders: a journey of indigenous identity and sovereignty\">\n                <img decoding=\"async\" src=\"https:\/\/develop.dejusticia.org\/en\/\/wp-content\/uploads\/2025\/01\/05-Un-viaje-por-la-identidad-y-la-soberania-indigena-325x225.jpg\" alt=\"\" \/>\n                <\/a>\n                    <h2>\n                <a href=https:\/\/develop.dejusticia.org\/en\/\/en\/straddling-borders-a-journey-of-indigenous-identity\/ title=Straddling borders: a journey of indigenous identity and sovereignty tabindex=\"0\">Straddling borders: a journey of indigenous identity and sovereignty<\/a>            <\/h2>\n                        <h5>\n                            Jan 27, 2025                        \n         |                         By <a href=\"https:\/\/develop.dejusticia.org\/en\/\/en\/responsible\/autry-johnson\/\">Autry Johnson<\/a>                                     | <a href=\"https:\/\/develop.dejusticia.org\/en\/\/en\/tag\/identidad\/\" rel=\"category tag\">Identidad<\/a>,&nbsp;<a href=\"https:\/\/develop.dejusticia.org\/en\/\/en\/tag\/indigenas\/\" rel=\"category tag\">Ind\u00edgenas<\/a>,&nbsp;<a href=\"https:\/\/develop.dejusticia.org\/en\/\/en\/tag\/pueblos-indigenas\/\" rel=\"category tag\">Pueblos ind\u00edgenas<\/a>,&nbsp;<a href=\"https:\/\/develop.dejusticia.org\/en\/\/en\/tag\/soberania-indigena-en\/\" rel=\"category tag\">soberania ind\u00edgena<\/a>                <\/h5>\n                            The 21st century continues to portray Indigenous peoples as &#8220;a thing of the past,&#8221; as a people &#8220;dominated by the Europeans, civilized by them, or dead by their hatred,&#8221; making the impacts of Indigenous genocide clearly persist today.\n                <a href=\"https:\/\/develop.dejusticia.org\/en\/\/en\/straddling-borders-a-journey-of-indigenous-identity\/\" target=\"_self\">Leer m\u00e1s &#8594;<\/a>        \n                                                            <a href=\"https:\/\/develop.dejusticia.org\/en\/\/en\/gender-identity-and-migration-in-south-africa\/\" target=\"_self\"  title=\"Gender identity and migration in South Africa: a layered experience\">\n                <img decoding=\"async\" src=\"https:\/\/develop.dejusticia.org\/en\/\/wp-content\/uploads\/2025\/01\/03-IDENTIDAD-DE-GENERO-Y-MIGRACION-EN-SUDAFRICA-325x225.jpg\" alt=\"\" \/>\n                <\/a>\n                    <h2>\n                <a href=https:\/\/develop.dejusticia.org\/en\/\/en\/gender-identity-and-migration-in-south-africa\/ title=Gender identity and migration in South Africa: a layered experience tabindex=\"0\">Gender identity and migration in South Africa: a layered experience<\/a>            <\/h2>\n                        <h5>\n                            Jan 27, 2025                        \n         |                         By <a href=\"https:\/\/develop.dejusticia.org\/en\/\/responsible\/muyenga-bobo-mugerwa-sekawabe\/\">Muyenga Bobo Mugerwa-Sekawabe<\/a>                                     | <a href=\"https:\/\/develop.dejusticia.org\/en\/\/en\/tag\/identidad-de-genero\/\" rel=\"category tag\">Identidad de g\u00e9nero<\/a>,&nbsp;<a href=\"https:\/\/develop.dejusticia.org\/en\/\/en\/tag\/lgbtiq\/\" rel=\"category tag\">lgbtiq<\/a>,&nbsp;<a href=\"https:\/\/develop.dejusticia.org\/en\/\/en\/tag\/sudafrica-en\/\" rel=\"category tag\">Sud\u00e1frica<\/a>                <\/h5>\n                            South Africa carries an additional appeal for African LGBTQIA+ individuals seeking to flee victimisation and criminalisation in their home countries. Due to the provisions of its progressive post-apartheid constitution, South Africa has explicitly recognised persecution based on sexuality and gender identity as legitimate grounds for asylum since 1998.\n                <a href=\"https:\/\/develop.dejusticia.org\/en\/\/en\/gender-identity-and-migration-in-south-africa\/\" target=\"_self\">Leer m\u00e1s &#8594;<\/a>        \n                                                            <a href=\"https:\/\/develop.dejusticia.org\/en\/\/en\/extractivism-in-colombia-and-argentina\/\" target=\"_self\"  title=\"Local stories of justice and reparation in the face of extractivism in Latin America\">\n                <img decoding=\"async\" src=\"https:\/\/develop.dejusticia.org\/en\/\/wp-content\/uploads\/2025\/01\/Blog_global_Argentina-2025-11-1-325x225.jpg\" alt=\"\" \/>\n                <\/a>\n                    <h2>\n                <a href=https:\/\/develop.dejusticia.org\/en\/\/en\/extractivism-in-colombia-and-argentina\/ title=Local stories of justice and reparation in the face of extractivism in Latin America tabindex=\"0\">Local stories of justice and reparation in the face of extractivism in Latin America<\/a>            <\/h2>\n                        <h5>\n                            Jan 14, 2025                        \n         |                         By <a href=\"https:\/\/develop.dejusticia.org\/en\/\/en\/responsible\/julian-gutierrez-martinez\/\">Juli\u00e1n Guti\u00e9rrez Mart\u00ednez<\/a>, <a href=\"https:\/\/develop.dejusticia.org\/en\/\/en\/responsible\/victoria-fernandez-almeida\/\">Victoria Fern\u00e1ndez Almeida<\/a>                                     | <a href=\"https:\/\/develop.dejusticia.org\/en\/\/en\/tag\/argentina\/\" rel=\"category tag\">Argentina<\/a>,&nbsp;<a href=\"https:\/\/develop.dejusticia.org\/en\/\/en\/tag\/colombia\/\" rel=\"category tag\">Colombia<\/a>,&nbsp;<a href=\"https:\/\/develop.dejusticia.org\/en\/\/en\/tag\/extractivism\/\" rel=\"category tag\">Extractivism<\/a>,&nbsp;<a href=\"https:\/\/develop.dejusticia.org\/en\/\/en\/tag\/indigenous-peoples\/\" rel=\"category tag\">Indigenous Peoples<\/a>                <\/h5>\n                            The question persists on how to address this tension from the perspective of the territories, considering the way indigenous communities construct justice, prioritizing their views over those of companies and states.\n                <a href=\"https:\/\/develop.dejusticia.org\/en\/\/en\/extractivism-in-colombia-and-argentina\/\" target=\"_self\">Leer m\u00e1s &#8594;<\/a>        \n\t\t\t<ul class='page-numbers'>\n\t<li>1<\/li>\n\t<li><a aria-label=\"Page 2\" href=\"https:\/\/develop.dejusticia.org\/en\/\/en\/page\/2\/?page_id=85478&#038;fl_builder\">2<\/a><\/li>\n\t<li><a aria-label=\"Page 3\" href=\"https:\/\/develop.dejusticia.org\/en\/\/en\/page\/3\/?page_id=85478&#038;fl_builder\">3<\/a><\/li>\n\t<li><a aria-label=\"Page 4\" href=\"https:\/\/develop.dejusticia.org\/en\/\/en\/page\/4\/?page_id=85478&#038;fl_builder\">4<\/a><\/li>\n\t<li><a href=\"https:\/\/develop.dejusticia.org\/en\/\/en\/page\/2\/?page_id=85478&#038;fl_builder\">Next &raquo;<\/a><\/li>\n<\/ul>\n\t\t\n","protected":false},"excerpt":{"rendered":"<p>Global blog New world order: a great opportunity for the South May 5, 2025 | By Randy Sebasti\u00e1n Villalba Arango | Donald Trump,&nbsp;El sur global While this storm for control of the old order continues to intensify in the North, the Global South has a historic opportunity to redefine its role in the global economy&hellip;<\/p>\n","protected":false},"author":1,"featured_media":0,"parent":0,"menu_order":0,"comment_status":"closed","ping_status":"closed","template":"","meta":{"_acf_changed":false,"footnotes":""},"class_list":["post-85478","page","type-page","status-publish","hentry"],"acf":[],"yoast_head":"<!-- This site is optimized with the Yoast SEO Premium plugin v25.9 (Yoast SEO v25.9) - https:\/\/yoast.com\/wordpress\/plugins\/seo\/ -->\n<title>Global blog - Dejusticia<\/title>\n<meta name=\"robots\" content=\"index, follow, max-snippet:-1, max-image-preview:large, max-video-preview:-1\" \/>\n<link rel=\"canonical\" href=\"https:\/\/develop.dejusticia.org\/en\/global-blog\/\" \/>\n<meta property=\"og:locale\" content=\"en_US\" \/>\n<meta property=\"og:type\" content=\"article\" \/>\n<meta property=\"og:title\" content=\"Global blog\" \/>\n<meta property=\"og:description\" content=\"Global blog New world order: a great opportunity for the South May 5, 2025 | By Randy Sebasti\u00e1n Villalba Arango | Donald Trump,&nbsp;El sur global While this storm for control of the old order continues to intensify in the North, the Global South has a historic opportunity to redefine its role in the global economy&hellip;\" \/>\n<meta property=\"og:url\" content=\"https:\/\/develop.dejusticia.org\/en\/global-blog\/\" \/>\n<meta property=\"og:site_name\" content=\"Dejusticia\" \/>\n<meta property=\"article:publisher\" content=\"https:\/\/www.facebook.com\/Dejusticia\/\" \/>\n<meta property=\"og:image\" content=\"https:\/\/www.dejusticia.org\/wp-content\/uploads\/2025\/05\/Blog_global_-Orden-Mundial-21-325x225.jpg\" \/>\n<meta name=\"twitter:card\" content=\"summary_large_image\" \/>\n<meta name=\"twitter:site\" content=\"@dejusticia\" \/>\n<script type=\"application\/ld+json\" class=\"yoast-schema-graph\">{\"@context\":\"https:\/\/schema.org\",\"@graph\":[{\"@type\":\"WebPage\",\"@id\":\"https:\/\/develop.dejusticia.org\/en\/global-blog\/\",\"url\":\"https:\/\/develop.dejusticia.org\/en\/global-blog\/\",\"name\":\"Global blog - Dejusticia\",\"isPartOf\":{\"@id\":\"https:\/\/develop.dejusticia.org\/#website\"},\"primaryImageOfPage\":{\"@id\":\"https:\/\/develop.dejusticia.org\/en\/global-blog\/#primaryimage\"},\"image\":{\"@id\":\"https:\/\/develop.dejusticia.org\/en\/global-blog\/#primaryimage\"},\"thumbnailUrl\":\"https:\/\/www.dejusticia.org\/wp-content\/uploads\/2025\/05\/Blog_global_-Orden-Mundial-21-325x225.jpg\",\"datePublished\":\"2025-05-20T07:10:23+00:00\",\"breadcrumb\":{\"@id\":\"https:\/\/develop.dejusticia.org\/en\/global-blog\/#breadcrumb\"},\"inLanguage\":\"en-US\",\"potentialAction\":[{\"@type\":\"ReadAction\",\"target\":[\"https:\/\/develop.dejusticia.org\/en\/global-blog\/\"]}]},{\"@type\":\"ImageObject\",\"inLanguage\":\"en-US\",\"@id\":\"https:\/\/develop.dejusticia.org\/en\/global-blog\/#primaryimage\",\"url\":\"https:\/\/www.dejusticia.org\/wp-content\/uploads\/2025\/05\/Blog_global_-Orden-Mundial-21-325x225.jpg\",\"contentUrl\":\"https:\/\/www.dejusticia.org\/wp-content\/uploads\/2025\/05\/Blog_global_-Orden-Mundial-21-325x225.jpg\"},{\"@type\":\"BreadcrumbList\",\"@id\":\"https:\/\/develop.dejusticia.org\/en\/global-blog\/#breadcrumb\",\"itemListElement\":[{\"@type\":\"ListItem\",\"position\":1,\"name\":\"Home\",\"item\":\"https:\/\/develop.dejusticia.org\/en\/\"},{\"@type\":\"ListItem\",\"position\":2,\"name\":\"Global blog\"}]},{\"@type\":\"WebSite\",\"@id\":\"https:\/\/develop.dejusticia.org\/#website\",\"url\":\"https:\/\/develop.dejusticia.org\/\",\"name\":\"Dejusticia\",\"description\":\"Centro de Estudios de Derecho, Justicia y Sociedad\",\"publisher\":{\"@id\":\"https:\/\/develop.dejusticia.org\/#organization\"},\"potentialAction\":[{\"@type\":\"SearchAction\",\"target\":{\"@type\":\"EntryPoint\",\"urlTemplate\":\"https:\/\/develop.dejusticia.org\/?s={search_term_string}\"},\"query-input\":{\"@type\":\"PropertyValueSpecification\",\"valueRequired\":true,\"valueName\":\"search_term_string\"}}],\"inLanguage\":\"en-US\"},{\"@type\":\"Organization\",\"@id\":\"https:\/\/develop.dejusticia.org\/#organization\",\"name\":\"Dejusticia\",\"url\":\"https:\/\/develop.dejusticia.org\/\",\"logo\":{\"@type\":\"ImageObject\",\"inLanguage\":\"en-US\",\"@id\":\"https:\/\/develop.dejusticia.org\/#\/schema\/logo\/image\/\",\"url\":\"https:\/\/www.dejusticia.org\/wp-content\/uploads\/2020\/09\/logo-v1-dejusticia-MC.svg\",\"contentUrl\":\"https:\/\/www.dejusticia.org\/wp-content\/uploads\/2020\/09\/logo-v1-dejusticia-MC.svg\",\"width\":1,\"height\":1,\"caption\":\"Dejusticia\"},\"image\":{\"@id\":\"https:\/\/develop.dejusticia.org\/#\/schema\/logo\/image\/\"},\"sameAs\":[\"https:\/\/www.facebook.com\/Dejusticia\/\",\"https:\/\/x.com\/dejusticia\",\"https:\/\/www.youtube.com\/channel\/UCbwnwY8oIpHCug4R3KhjewQ\/feed\"]}]}<\/script>\n<!-- \/ Yoast SEO Premium plugin. -->","yoast_head_json":{"title":"Global blog - Dejusticia","robots":{"index":"index","follow":"follow","max-snippet":"max-snippet:-1","max-image-preview":"max-image-preview:large","max-video-preview":"max-video-preview:-1"},"canonical":"https:\/\/develop.dejusticia.org\/en\/global-blog\/","og_locale":"en_US","og_type":"article","og_title":"Global blog","og_description":"Global blog New world order: a great opportunity for the South May 5, 2025 | By Randy Sebasti\u00e1n Villalba Arango | Donald Trump,&nbsp;El sur global While this storm for control of the old order continues to intensify in the North, the Global South has a historic opportunity to redefine its role in the global economy&hellip;","og_url":"https:\/\/develop.dejusticia.org\/en\/global-blog\/","og_site_name":"Dejusticia","article_publisher":"https:\/\/www.facebook.com\/Dejusticia\/","og_image":[{"url":"https:\/\/www.dejusticia.org\/wp-content\/uploads\/2025\/05\/Blog_global_-Orden-Mundial-21-325x225.jpg","type":"","width":"","height":""}],"twitter_card":"summary_large_image","twitter_site":"@dejusticia","schema":{"@context":"https:\/\/schema.org","@graph":[{"@type":"WebPage","@id":"https:\/\/develop.dejusticia.org\/en\/global-blog\/","url":"https:\/\/develop.dejusticia.org\/en\/global-blog\/","name":"Global blog - Dejusticia","isPartOf":{"@id":"https:\/\/develop.dejusticia.org\/#website"},"primaryImageOfPage":{"@id":"https:\/\/develop.dejusticia.org\/en\/global-blog\/#primaryimage"},"image":{"@id":"https:\/\/develop.dejusticia.org\/en\/global-blog\/#primaryimage"},"thumbnailUrl":"https:\/\/www.dejusticia.org\/wp-content\/uploads\/2025\/05\/Blog_global_-Orden-Mundial-21-325x225.jpg","datePublished":"2025-05-20T07:10:23+00:00","breadcrumb":{"@id":"https:\/\/develop.dejusticia.org\/en\/global-blog\/#breadcrumb"},"inLanguage":"en-US","potentialAction":[{"@type":"ReadAction","target":["https:\/\/develop.dejusticia.org\/en\/global-blog\/"]}]},{"@type":"ImageObject","inLanguage":"en-US","@id":"https:\/\/develop.dejusticia.org\/en\/global-blog\/#primaryimage","url":"https:\/\/www.dejusticia.org\/wp-content\/uploads\/2025\/05\/Blog_global_-Orden-Mundial-21-325x225.jpg","contentUrl":"https:\/\/www.dejusticia.org\/wp-content\/uploads\/2025\/05\/Blog_global_-Orden-Mundial-21-325x225.jpg"},{"@type":"BreadcrumbList","@id":"https:\/\/develop.dejusticia.org\/en\/global-blog\/#breadcrumb","itemListElement":[{"@type":"ListItem","position":1,"name":"Home","item":"https:\/\/develop.dejusticia.org\/en\/"},{"@type":"ListItem","position":2,"name":"Global blog"}]},{"@type":"WebSite","@id":"https:\/\/develop.dejusticia.org\/#website","url":"https:\/\/develop.dejusticia.org\/","name":"Dejusticia","description":"Centro de Estudios de Derecho, Justicia y Sociedad","publisher":{"@id":"https:\/\/develop.dejusticia.org\/#organization"},"potentialAction":[{"@type":"SearchAction","target":{"@type":"EntryPoint","urlTemplate":"https:\/\/develop.dejusticia.org\/?s={search_term_string}"},"query-input":{"@type":"PropertyValueSpecification","valueRequired":true,"valueName":"search_term_string"}}],"inLanguage":"en-US"},{"@type":"Organization","@id":"https:\/\/develop.dejusticia.org\/#organization","name":"Dejusticia","url":"https:\/\/develop.dejusticia.org\/","logo":{"@type":"ImageObject","inLanguage":"en-US","@id":"https:\/\/develop.dejusticia.org\/#\/schema\/logo\/image\/","url":"https:\/\/www.dejusticia.org\/wp-content\/uploads\/2020\/09\/logo-v1-dejusticia-MC.svg","contentUrl":"https:\/\/www.dejusticia.org\/wp-content\/uploads\/2020\/09\/logo-v1-dejusticia-MC.svg","width":1,"height":1,"caption":"Dejusticia"},"image":{"@id":"https:\/\/develop.dejusticia.org\/#\/schema\/logo\/image\/"},"sameAs":["https:\/\/www.facebook.com\/Dejusticia\/","https:\/\/x.com\/dejusticia","https:\/\/www.youtube.com\/channel\/UCbwnwY8oIpHCug4R3KhjewQ\/feed"]}]}},"translations":[{"es":{"translation_id":"44093","language_code":"es","element_id":"78423","source_language_code":null,"element_type":"post_page","original":"1","post_title":"Blog Globales","post_status":"publish"},"en":{"translation_id":"48946","language_code":"en","element_id":"85478","source_language_code":"es","element_type":"post_page","original":"0","post_title":"Global blog","post_status":"publish"}}],"_links":{"self":[{"href":"https:\/\/develop.dejusticia.org\/en\/wp-json\/wp\/v2\/pages\/85478","targetHints":{"allow":["GET"]}}],"collection":[{"href":"https:\/\/develop.dejusticia.org\/en\/wp-json\/wp\/v2\/pages"}],"about":[{"href":"https:\/\/develop.dejusticia.org\/en\/wp-json\/wp\/v2\/types\/page"}],"author":[{"embeddable":true,"href":"https:\/\/develop.dejusticia.org\/en\/wp-json\/wp\/v2\/users\/1"}],"replies":[{"embeddable":true,"href":"https:\/\/develop.dejusticia.org\/en\/wp-json\/wp\/v2\/comments?post=85478"}],"version-history":[{"count":0,"href":"https:\/\/develop.dejusticia.org\/en\/wp-json\/wp\/v2\/pages\/85478\/revisions"}],"wp:attachment":[{"href":"https:\/\/develop.dejusticia.org\/en\/wp-json\/wp\/v2\/media?parent=85478"}],"curies":[{"name":"wp","href":"https:\/\/api.w.org\/{rel}","templated":true}]}}